{"id":75,"date":"2017-04-14T16:21:43","date_gmt":"2017-04-14T16:21:43","guid":{"rendered":"https:\/\/tradroit.click\/futur\/?page_id=75"},"modified":"2017-04-15T19:33:37","modified_gmt":"2017-04-15T19:33:37","slug":"17-2","status":"publish","type":"page","link":"https:\/\/tradroit.click\/futur\/le-federalisme\/17-2\/","title":{"rendered":"17"},"content":{"rendered":"<p>Canada peut grandir en r\u00e9duisant la capacit\u00e9 de l&#8217;une ou de plusieurs collectivit\u00e9s ou r\u00e9gions.<\/p>\n<p><b>Le f\u00e9d\u00e9ralisme et les objectifs du Canada<\/b><\/p>\n<p>Le gouvernement du Canada croit et, nous en sommes s\u00fbrs, presque tous les Canadiens le croient aussi, que le pays peut atteindre ses objectifs seulement sous un r\u00e9gime f\u00e9d\u00e9ral.&nbsp; Mis \u00e0 l&#8217;\u00e9preuve sur ce continent, et accept\u00e9 de plus en plus \u00e0 travers le monde, le f\u00e9d\u00e9ralisme moderne est le r\u00e9gime qui permet aux petites communaut\u00e9s vuln\u00e9rables de se former en \u00c9tats pour leur bien-\u00eatre et leur d\u00e9veloppement mutuel&nbsp;&#8212; en \u00c9tats assez importants pour vivre et s&#8217;\u00e9panouir dans notre monde, tout en maintenant l&#8217;int\u00e9grit\u00e9 des collectivit\u00e9s membres.&nbsp; Aujourd&#8217;hui plus que jamais, le f\u00e9d\u00e9ralisme est pour le Canada la solution aux d\u00e9fis du monde moderne, car une technologie fond\u00e9e sur les grands ensembles et les restrictions de l&#8217;interd\u00e9pendance menacent de plus en plus la vraie libert\u00e9, l&#8217;ind\u00e9pendance r\u00e9elle de toute collectivit\u00e9 petite, isol\u00e9e ou vuln\u00e9rable.&nbsp; Seuls les hommes qui ne per\u00e7oivent pas les contraintes qu&#8217;exercent sur notre pays ces forces ext\u00e9rieures pr\u00e9coniseraient la dissolution du Canada en faveur d&#8217;entit\u00e9s plus petites et plus vuln\u00e9rables.<\/p>\n<p>Le gouvernement du Canada rejette \u00e0 la fois la centralisation et la fragmentation, comme solutions de rechange au f\u00e9d\u00e9ralisme.&nbsp; La centralisation, qui tend \u00e0 l&#8217;\u00c9tat unitaire, serait incompatible avec le caract\u00e8re du Canada&nbsp;&#8212; avec sa diversit\u00e9 culturelle, avec une g\u00e9ographie qui demande une d\u00e9centralisation pouss\u00e9e du gouvernement, avec la libert\u00e9 caract\u00e9ristique des \u00c9tats o\u00f9 le pouvoir politique n&#8217;est pas concentr\u00e9 entre les mains d&#8217;un petit nombre.<\/p>\n<p>L&#8217;option oppos\u00e9e?&nbsp;&#8212; une association l\u00e2che d&#8217;unit\u00e9s politiques o\u00f9 l&#8217;efficacit\u00e9 du gouvernement central d\u00e9pendrait du bon plaisir des gouvernements provinciaux&nbsp;&#8212; est \u00e9galement incompatible avec les objectifs du Canada.&nbsp; Elle compromettrait l&#8217;aptitude du gouvernement f\u00e9d\u00e9ral \u00e0 contribuer \u00e0 la hausse du niveau de vie de la population; elle affaiblirait, chez les Canadiens, la volont\u00e9 d&#8217;\u0153uvrer pour le bien-\u00eatre et le progr\u00e8s de leurs concitoyens des autres provinces; elle menacerait l&#8217;existence m\u00eame de notre pays dans un monde o\u00f9 l&#8217;\u00e9tendue autant que l&#8217;excellence compte dans la poursuite des r\u00e9alisations \u00e9conomiques, technologiques et culturelles.<\/p>\n<p>Le f\u00e9d\u00e9ralisme canadien doit \u00eatre un juste milieu entre ces extr\u00eames, et ce juste milieu, nous devrions en attendre l&#8217;expression dans nos dispositions constitutionnelles.&nbsp; <em>Nous devrions pouvoir trouver l&#8217;\u00e9quilibre dans les garanties constitutionnelles concernant les droits des citoyens canadiens, y compris leurs droits linguistiques<\/em>&nbsp;&#8212; \u00e9quilibre entre les droits des particuliers et leurs obligations les uns envers les autres et envers la soci\u00e9t\u00e9, \u00e9quilibre entre leurs droits comme membres d&#8217;un des groupes linguistiques du Canada et leur respect et leur int\u00e9r\u00eat pour ceux qui sont membres de l&#8217;autre groupe.&nbsp; Nous devrions pouvoir compter sur des <em>institutions cen-<\/em><br \/>\n&nbsp;<br \/>\n17<\/p>\n","protected":false},"excerpt":{"rendered":"<p>Canada peut grandir en r\u00e9duisant la capacit\u00e9 de l&#8217;une ou de plusieurs collectivit\u00e9s ou r\u00e9gions. Le f\u00e9d\u00e9ralisme et les objectifs du Canada Le gouvernement du Canada croit et, nous en sommes s\u00fbrs, presque tous les Canadiens le croient aussi, que le pays peut atteindre ses objectifs seulement sous un r\u00e9gime f\u00e9d\u00e9ral.&nbsp; Mis \u00e0 l&#8217;\u00e9preuve sur&#8230;<\/p>\n<p class=\"more-link-wrap\"><a href=\"https:\/\/tradroit.click\/futur\/le-federalisme\/17-2\/\" class=\"more-link\">Read More<span class=\"screen-reader-text\"> &ldquo;17&rdquo;<\/span> &raquo;<\/a><\/p>\n","protected":false},"author":1,"featured_media":0,"parent":8,"menu_order":0,"comment_status":"closed","ping_status":"open","template":"","meta":[],"_links":{"self":[{"href":"https:\/\/tradroit.click\/futur\/wp-json\/wp\/v2\/pages\/75"}],"collection":[{"href":"https:\/\/tradroit.click\/futur\/wp-json\/wp\/v2\/pages"}],"about":[{"href":"https:\/\/tradroit.click\/futur\/wp-json\/wp\/v2\/types\/page"}],"author":[{"embeddable":true,"href":"https:\/\/tradroit.click\/futur\/wp-json\/wp\/v2\/users\/1"}],"replies":[{"embeddable":true,"href":"https:\/\/tradroit.click\/futur\/wp-json\/wp\/v2\/comments?post=75"}],"version-history":[{"count":0,"href":"https:\/\/tradroit.click\/futur\/wp-json\/wp\/v2\/pages\/75\/revisions"}],"up":[{"embeddable":true,"href":"https:\/\/tradroit.click\/futur\/wp-json\/wp\/v2\/pages\/8"}],"wp:attachment":[{"href":"https:\/\/tradroit.click\/futur\/wp-json\/wp\/v2\/media?parent=75"}],"curies":[{"name":"wp","href":"https:\/\/api.w.org\/{rel}","templated":true}]}}